{"id":25,"date":"2018-11-10T18:30:31","date_gmt":"2018-11-10T17:30:31","guid":{"rendered":"http:\/\/59544230.swh.strato-hosting.eu\/wordpress\/?page_id=25"},"modified":"2025-06-14T15:22:29","modified_gmt":"2025-06-14T13:22:29","slug":"startseite","status":"publish","type":"page","link":"https:\/\/www.schorfelderhof.de\/?page_id=25","title":{"rendered":"Schorfelder Hof"},"content":{"rendered":"<p>Seit \u00fcber drei\u00dfig Jahren gilt unser Bestreben der einfachen und gem\u00fctlichen Gastronomie. Wir freuen uns \u00fcber die &#8222;alten&#8220;, treuen G\u00e4ste genauso wie \u00fcber die &#8222;Neuen&#8220;, die uns besuchen kommen.<\/p>\n<p class=\"link_aktuell\"><a href=\"https:\/\/www.schorfelderhof.de\">Aktuelle Beitr\u00e4ge<\/a><\/p>\n\n\n<p><\/p>\n","protected":false},"excerpt":{"rendered":"<p>Seit \u00fcber drei\u00dfig Jahren gilt unser Bestreben der einfachen und gem\u00fctlichen Gastronomie. Wir freuen uns \u00fcber die &#8222;alten&#8220;, treuen G\u00e4ste genauso wie \u00fcber die &#8222;Neuen&#8220;, die uns besuchen kommen. Aktuelle Beitr\u00e4ge<\/p>\n","protected":false},"author":1,"featured_media":0,"parent":0,"menu_order":0,"comment_status":"closed","ping_status":"closed","template":"","meta":{"footnotes":""},"class_list":["post-25","page","type-page","status-publish","hentry"],"_links":{"self":[{"href":"https:\/\/www.schorfelderhof.de\/index.php?rest_route=\/wp\/v2\/pages\/25","targetHints":{"allow":["GET"]}}],"collection":[{"href":"https:\/\/www.schorfelderhof.de\/index.php?rest_route=\/wp\/v2\/pages"}],"about":[{"href":"https:\/\/www.schorfelderhof.de\/index.php?rest_route=\/wp\/v2\/types\/page"}],"author":[{"embeddable":true,"href":"https:\/\/www.schorfelderhof.de\/index.php?rest_route=\/wp\/v2\/users\/1"}],"replies":[{"embeddable":true,"href":"https:\/\/www.schorfelderhof.de\/index.php?rest_route=%2Fwp%2Fv2%2Fcomments&post=25"}],"version-history":[{"count":17,"href":"https:\/\/www.schorfelderhof.de\/index.php?rest_route=\/wp\/v2\/pages\/25\/revisions"}],"predecessor-version":[{"id":710,"href":"https:\/\/www.schorfelderhof.de\/index.php?rest_route=\/wp\/v2\/pages\/25\/revisions\/710"}],"wp:attachment":[{"href":"https:\/\/www.schorfelderhof.de\/index.php?rest_route=%2Fwp%2Fv2%2Fmedia&parent=25"}],"curies":[{"name":"wp","href":"https:\/\/api.w.org\/{rel}","templated":true}]}}